{"id":3148,"date":"2017-02-12T00:55:43","date_gmt":"2017-02-11T23:55:43","guid":{"rendered":"http:\/\/adwyldan.fr\/?page_id=3148"},"modified":"2017-02-17T10:52:03","modified_gmt":"2017-02-17T09:52:03","slug":"boss-de-clan","status":"publish","type":"page","link":"http:\/\/adwyldan.fr\/?page_id=3148","title":{"rendered":"Boss de clan"},"content":{"rendered":"<table border=\"0\" cellspacing=\"0\">\n<colgroup width=\"102\"><\/colgroup>\n<colgroup span=\"5\" width=\"85\"><\/colgroup>\n<tbody>\n<tr>\n<td align=\"left\" height=\"17\"><\/td>\n<td align=\"left\">Niveau 22<\/td>\n<td align=\"left\">Niveau 23<\/td>\n<td align=\"left\">Niveau 24<\/td>\n<td align=\"left\">Niveau 25<\/td>\n<td align=\"left\">Niveau 26<\/td>\n<\/tr>\n<tr>\n<td align=\"left\" height=\"17\">Adwyldan<\/td>\n<td align=\"right\">2962045<\/td>\n<td align=\"right\">3624895<\/td>\n<td align=\"right\">4520550<\/td>\n<td align=\"right\">6116150<\/td>\n<td align=\"right\">4555620<\/td>\n<\/tr>\n<tr>\n<td align=\"left\" height=\"17\">Alten<\/td>\n<td align=\"right\">0<\/td>\n<td align=\"left\"><\/td>\n<td align=\"right\">0<\/td>\n<td align=\"right\">0<\/td>\n<td align=\"right\">0<\/td>\n<\/tr>\n<tr>\n<td align=\"left\" height=\"17\">Antonin 257<\/td>\n<td align=\"right\">0<\/td>\n<td align=\"left\"><\/td>\n<td align=\"right\">0<\/td>\n<td align=\"right\">0<\/td>\n<td align=\"right\">0<\/td>\n<\/tr>\n<tr>\n<td align=\"left\" height=\"17\">Bagu<\/td>\n<td align=\"left\"><\/td>\n<td align=\"left\"><\/td>\n<td align=\"right\">0<\/td>\n<td align=\"right\">446760<\/td>\n<td align=\"right\">0<\/td>\n<\/tr>\n<tr>\n<td align=\"left\" height=\"17\">Bariofeed<\/td>\n<td align=\"left\"><\/td>\n<td align=\"left\"><\/td>\n<td align=\"right\">0<\/td>\n<td align=\"right\">0<\/td>\n<td align=\"right\">0<\/td>\n<\/tr>\n<tr>\n<td align=\"left\" height=\"17\">civil warrior<\/td>\n<td align=\"right\">1002220<\/td>\n<td align=\"right\">1611110<\/td>\n<td align=\"right\">3617100<\/td>\n<td align=\"right\">1849240<\/td>\n<td align=\"right\">2807860<\/td>\n<\/tr>\n<tr>\n<td align=\"left\" height=\"17\">Deldel<\/td>\n<td align=\"left\"><\/td>\n<td align=\"left\"><\/td>\n<td align=\"right\">0<\/td>\n<td align=\"right\">0<\/td>\n<td align=\"right\">0<\/td>\n<\/tr>\n<tr>\n<td align=\"left\" height=\"17\">Desuka<\/td>\n<td align=\"left\"><\/td>\n<td align=\"left\"><\/td>\n<td align=\"right\">0<\/td>\n<td align=\"right\">0<\/td>\n<td align=\"right\">0<\/td>\n<\/tr>\n<tr>\n<td align=\"left\" height=\"17\">Devilheart666<\/td>\n<td align=\"right\">791714<\/td>\n<td align=\"right\">1705790<\/td>\n<td align=\"right\">615064<\/td>\n<td align=\"right\">0<\/td>\n<td align=\"right\">1208250<\/td>\n<\/tr>\n<tr>\n<td align=\"left\" height=\"17\">Dialecty<\/td>\n<td align=\"right\">184653<\/td>\n<td align=\"left\"><\/td>\n<td align=\"right\">0<\/td>\n<td align=\"right\">401782<\/td>\n<td align=\"right\">755632<\/td>\n<\/tr>\n<tr>\n<td align=\"left\" height=\"17\">duy<\/td>\n<td align=\"right\">0<\/td>\n<td align=\"left\"><\/td>\n<td align=\"right\">0<\/td>\n<td align=\"right\">0<\/td>\n<td align=\"right\">0<\/td>\n<\/tr>\n<tr>\n<td align=\"left\" height=\"17\">Elite Zoa<\/td>\n<td align=\"left\"><\/td>\n<td align=\"left\"><\/td>\n<td align=\"right\">0<\/td>\n<td align=\"right\">0<\/td>\n<td align=\"right\">0<\/td>\n<\/tr>\n<tr>\n<td align=\"left\" height=\"17\">Fahfah<\/td>\n<td align=\"right\">2386862<\/td>\n<td align=\"right\">894720<\/td>\n<td align=\"left\">Absent<\/td>\n<td align=\"left\">Absent<\/td>\n<td align=\"right\">Absent<\/td>\n<\/tr>\n<tr>\n<td align=\"left\" height=\"17\">Frawne<\/td>\n<td align=\"right\">270155<\/td>\n<td align=\"left\"><\/td>\n<td align=\"right\">593610<\/td>\n<td align=\"right\">253984<\/td>\n<td align=\"right\">658908<\/td>\n<\/tr>\n<tr>\n<td align=\"left\" height=\"17\">frislan14<\/td>\n<td align=\"right\">916267<\/td>\n<td align=\"right\">484009<\/td>\n<td align=\"right\">700690<\/td>\n<td align=\"right\">1036368<\/td>\n<td align=\"right\">1346756<\/td>\n<\/tr>\n<tr>\n<td align=\"left\" height=\"17\">Gentle Rob<\/td>\n<td align=\"left\"><\/td>\n<td align=\"left\"><\/td>\n<td align=\"right\">0<\/td>\n<td align=\"right\">0<\/td>\n<td align=\"right\">0<\/td>\n<\/tr>\n<tr>\n<td align=\"left\" height=\"17\">Helyx<\/td>\n<td align=\"right\">1601964<\/td>\n<td align=\"right\">1795288<\/td>\n<td align=\"right\">1037664<\/td>\n<td align=\"right\">4470900<\/td>\n<td align=\"right\">2200443<\/td>\n<\/tr>\n<tr>\n<td align=\"left\" height=\"17\">i7so0n<\/td>\n<td align=\"right\">168470<\/td>\n<td align=\"left\"><\/td>\n<td align=\"right\">0<\/td>\n<td align=\"right\">0<\/td>\n<td align=\"right\">0<\/td>\n<\/tr>\n<tr>\n<td align=\"left\" height=\"17\">Jactus<\/td>\n<td align=\"left\"><\/td>\n<td align=\"left\"><\/td>\n<td align=\"right\">0<\/td>\n<td align=\"right\">0<\/td>\n<td align=\"right\">0<\/td>\n<\/tr>\n<tr>\n<td align=\"left\" height=\"17\">L\u2019\u00e9p\u00e9e du Ma\u00eetre<\/td>\n<td align=\"right\">254465<\/td>\n<td align=\"left\"><\/td>\n<td align=\"left\">Absent<\/td>\n<td align=\"right\">0<\/td>\n<td align=\"right\">234447<\/td>\n<\/tr>\n<tr>\n<td align=\"left\" height=\"17\">Link<\/td>\n<td align=\"right\">1245726<\/td>\n<td align=\"right\">1050144<\/td>\n<td align=\"right\">897184<\/td>\n<td align=\"right\">0<\/td>\n<td align=\"right\">2729242<\/td>\n<\/tr>\n<tr>\n<td align=\"left\" height=\"17\">matt<\/td>\n<td align=\"right\">109520<\/td>\n<td align=\"left\"><\/td>\n<td align=\"right\">193494<\/td>\n<td align=\"right\">0<\/td>\n<td align=\"right\">0<\/td>\n<\/tr>\n<tr>\n<td align=\"left\" height=\"17\">nathan02fr<\/td>\n<td align=\"right\">642665<\/td>\n<td align=\"left\"><\/td>\n<td align=\"right\">0<\/td>\n<td align=\"right\">0<\/td>\n<td align=\"right\">0<\/td>\n<\/tr>\n<tr>\n<td align=\"left\" height=\"17\">Nuggets<\/td>\n<td align=\"left\"><\/td>\n<td align=\"left\"><\/td>\n<td align=\"left\"><\/td>\n<td align=\"right\">298341<\/td>\n<td align=\"right\">0<\/td>\n<\/tr>\n<tr>\n<td align=\"left\" height=\"17\">Sword Master<\/td>\n<td align=\"right\">0<\/td>\n<td align=\"left\"><\/td>\n<td align=\"right\">0<\/td>\n<td align=\"right\">0<\/td>\n<td align=\"right\">0<\/td>\n<\/tr>\n<tr>\n<td align=\"left\" height=\"17\">white fr<\/td>\n<td align=\"right\">870520<\/td>\n<td align=\"right\">745730<\/td>\n<td align=\"right\">425070<\/td>\n<td align=\"right\">2398770<\/td>\n<td align=\"right\">1042890<\/td>\n<\/tr>\n<tr>\n<td align=\"left\" height=\"17\">YamakaChnaw<\/td>\n<td align=\"left\"><\/td>\n<td align=\"left\"><\/td>\n<td align=\"right\">0<\/td>\n<td align=\"right\">0<\/td>\n<td align=\"right\">0<\/td>\n<\/tr>\n<tr>\n<td align=\"left\" height=\"17\">Zelda<\/td>\n<td align=\"right\">536724<\/td>\n<td align=\"left\"><\/td>\n<td align=\"right\">627780<\/td>\n<td align=\"right\">0<\/td>\n<td align=\"right\">0<\/td>\n<\/tr>\n<\/tbody>\n<\/table>\n","protected":false},"excerpt":{"rendered":"<p>Niveau 22 Niveau 23 Niveau 24 Niveau 25 Niveau 26 Adwyldan 2962045 3624895 4520550 6116150 4555620 Alten 0 0 0 0 Antonin 257 0 0 0 0 Bagu 0 446760 0 Bariofeed 0 0 0 civil warrior 1002220 1611110 3617100 1849240 2807860 Deldel 0 0 0 Desuka 0 0 0 Devilheart666 791714 1705790 615064 0 [&hellip;]<\/p>\n","protected":false},"author":2,"featured_media":0,"parent":3087,"menu_order":0,"comment_status":"closed","ping_status":"closed","template":"","meta":{"footnotes":""},"class_list":["post-3148","page","type-page","status-publish","hentry"],"_links":{"self":[{"href":"http:\/\/adwyldan.fr\/index.php?rest_route=\/wp\/v2\/pages\/3148","targetHints":{"allow":["GET"]}}],"collection":[{"href":"http:\/\/adwyldan.fr\/index.php?rest_route=\/wp\/v2\/pages"}],"about":[{"href":"http:\/\/adwyldan.fr\/index.php?rest_route=\/wp\/v2\/types\/page"}],"author":[{"embeddable":true,"href":"http:\/\/adwyldan.fr\/index.php?rest_route=\/wp\/v2\/users\/2"}],"replies":[{"embeddable":true,"href":"http:\/\/adwyldan.fr\/index.php?rest_route=%2Fwp%2Fv2%2Fcomments&post=3148"}],"version-history":[{"count":5,"href":"http:\/\/adwyldan.fr\/index.php?rest_route=\/wp\/v2\/pages\/3148\/revisions"}],"predecessor-version":[{"id":3155,"href":"http:\/\/adwyldan.fr\/index.php?rest_route=\/wp\/v2\/pages\/3148\/revisions\/3155"}],"up":[{"embeddable":true,"href":"http:\/\/adwyldan.fr\/index.php?rest_route=\/wp\/v2\/pages\/3087"}],"wp:attachment":[{"href":"http:\/\/adwyldan.fr\/index.php?rest_route=%2Fwp%2Fv2%2Fmedia&parent=3148"}],"curies":[{"name":"wp","href":"https:\/\/api.w.org\/{rel}","templated":true}]}}