{"id":3119,"date":"2017-01-07T12:03:02","date_gmt":"2017-01-07T11:03:02","guid":{"rendered":"http:\/\/adwyldan.fr\/?page_id=3119"},"modified":"2017-01-07T12:03:53","modified_gmt":"2017-01-07T11:03:53","slug":"artefacts","status":"publish","type":"page","link":"http:\/\/adwyldan.fr\/?page_id=3119","title":{"rendered":"Artefacts"},"content":{"rendered":"<p>Liste des artefacts connus.<\/p>\n<p>Je propose deux tris :<\/p>\n<ol>\n<li>D\u00e9g\u00e2ts d\u00e9croissants<br \/>\n<table border=\"0\" cellspacing=\"0\">\n<colgroup width=\"159\"><\/colgroup>\n<colgroup width=\"85\"><\/colgroup>\n<colgroup width=\"226\"><\/colgroup>\n<colgroup width=\"181\"><\/colgroup>\n<colgroup width=\"85\"><\/colgroup>\n<tbody>\n<tr>\n<td align=\"left\" height=\"17\">Nom<\/td>\n<td align=\"left\">+ % d\u00e9g\u00e2ts<\/td>\n<td align=\"left\">Effet<\/td>\n<td align=\"left\">Gain \u00e0 l\u2019augmentation<\/td>\n<td align=\"left\">Tier<\/td>\n<\/tr>\n<tr>\n<td align=\"left\" height=\"17\">Hache de la muerte<\/td>\n<td align=\"right\">300<\/td>\n<td align=\"left\">+0,5% critique<\/td>\n<td align=\"left\">+0,5%<\/td>\n<td align=\"right\">1<\/td>\n<\/tr>\n<tr>\n<td align=\"left\" height=\"17\">Bouclier de l\u2019envahisseur<\/td>\n<td align=\"right\">160<\/td>\n<td align=\"left\">+0,5% chances de f\u00e9e double<\/td>\n<td align=\"left\">+0,5%<\/td>\n<td align=\"right\">3<\/td>\n<\/tr>\n<tr>\n<td align=\"left\" height=\"17\">Egide<\/td>\n<td align=\"right\">150<\/td>\n<td align=\"left\">+2 secondes Cri de guerre<\/td>\n<td align=\"left\">+2<\/td>\n<td align=\"right\">2<\/td>\n<\/tr>\n<tr>\n<td align=\"left\" height=\"17\">Hache glaciale<\/td>\n<td align=\"right\">150<\/td>\n<td align=\"left\">+2 secondes Ep\u00e9e de Feu<\/td>\n<td align=\"left\">+2 secondes<\/td>\n<td align=\"right\">2<\/td>\n<\/tr>\n<tr>\n<td align=\"left\" height=\"17\">Anneau de f\u00e9odalit\u00e9<\/td>\n<td align=\"right\">150<\/td>\n<td align=\"left\">+2 secondes Main de Midas<\/td>\n<td align=\"left\">+2 secondes<\/td>\n<td align=\"right\">3<\/td>\n<\/tr>\n<tr>\n<td align=\"left\" height=\"17\">Gantelet des marais<\/td>\n<td align=\"right\">150<\/td>\n<td align=\"left\">+2 secondes clone des ombres<\/td>\n<td align=\"left\">+0,2<\/td>\n<td align=\"right\">3<\/td>\n<\/tr>\n<tr>\n<td align=\"left\" height=\"17\">Parchemin interdit<\/td>\n<td align=\"right\">150<\/td>\n<td align=\"left\">+2 secondes frappe critique<\/td>\n<td align=\"left\">+2<\/td>\n<td align=\"right\">3<\/td>\n<\/tr>\n<tr>\n<td align=\"left\" height=\"17\">B\u00e2ton resplendissant<\/td>\n<td align=\"right\">80<\/td>\n<td align=\"left\">-2% co\u00fbt d&rsquo;am\u00e9lioration des h\u00e9ros<\/td>\n<td align=\"left\">-2%<\/td>\n<td align=\"right\">3<\/td>\n<\/tr>\n<tr>\n<td align=\"left\" height=\"17\">B\u00e2ton de ch\u00eane<\/td>\n<td align=\"right\">80<\/td>\n<td align=\"left\">-1 Ep\u00e9e de feu (co\u00fbt en mana)<\/td>\n<td align=\"left\">-1<\/td>\n<td align=\"right\">4<\/td>\n<\/tr>\n<tr>\n<td align=\"left\" height=\"17\">Cape des arcanes<\/td>\n<td align=\"right\">80<\/td>\n<td align=\"left\">-2 Cri de guerre (Co\u00fbt en Mana)<\/td>\n<td align=\"left\">-2<\/td>\n<td align=\"right\">4<\/td>\n<\/tr>\n<tr>\n<td align=\"left\" height=\"17\">Calice divin<\/td>\n<td align=\"right\">80<\/td>\n<td align=\"left\">+1% chance de r\u00e9colter *10 po<\/td>\n<td align=\"left\">+1%<\/td>\n<td align=\"right\">5<\/td>\n<\/tr>\n<tr>\n<td align=\"left\" height=\"17\">Fruit de l\u2019Eden<\/td>\n<td align=\"right\">60<\/td>\n<td align=\"left\">*1,15 D\u00e9g\u00e2ts des h\u00e9ros cac<\/td>\n<td align=\"left\">+0,15<\/td>\n<td align=\"right\">1<\/td>\n<\/tr>\n<tr>\n<td align=\"left\" height=\"17\">\u00c9p\u00e9e des temp\u00eates<\/td>\n<td align=\"right\">50<\/td>\n<td align=\"left\">*1,15 Deg\u00e2ts des h\u00e9ros \u00e0 distance<\/td>\n<td align=\"left\">+0;15<\/td>\n<td align=\"right\">1<\/td>\n<\/tr>\n<tr>\n<td align=\"left\" height=\"17\">Lame de damocl\u00e8s<\/td>\n<td align=\"right\">50<\/td>\n<td align=\"left\">1,05 d\u00e9g\u00e2ts de tous les h\u00e9ros<\/td>\n<td align=\"left\">+0,05<\/td>\n<td align=\"right\">1<\/td>\n<\/tr>\n<tr>\n<td align=\"left\" height=\"17\">Pierre des valrunes<\/td>\n<td align=\"right\">50<\/td>\n<td align=\"left\">*1,15 Or des titans<\/td>\n<td align=\"left\">+0,15<\/td>\n<td align=\"right\">5<\/td>\n<\/tr>\n<tr>\n<td align=\"left\" height=\"17\">Coffre de satisfaction<\/td>\n<td align=\"right\">40<\/td>\n<td align=\"left\">*1,1 Or de Mr Coffre<\/td>\n<td align=\"left\">+0,1<\/td>\n<td align=\"right\">4<\/td>\n<\/tr>\n<tr>\n<td align=\"left\" height=\"17\">Elixir d\u2019Eden<\/td>\n<td align=\"right\">40<\/td>\n<td align=\"left\">*1,2 clone de l\u2019ombre (Effet)<\/td>\n<td align=\"left\">+0,2<\/td>\n<td align=\"right\">4<\/td>\n<\/tr>\n<tr>\n<td align=\"left\" height=\"17\">Masque du Titan<\/td>\n<td align=\"right\">40<\/td>\n<td align=\"left\">*1,2 D\u00e9g\u00e2ts d\u00e9cupl\u00e9s<\/td>\n<td align=\"left\">+0;2<\/td>\n<td align=\"right\">4<\/td>\n<\/tr>\n<tr>\n<td align=\"left\" height=\"17\">Livre des ombres<\/td>\n<td align=\"right\">30<\/td>\n<td align=\"left\">*1,05 reliques de prestige<\/td>\n<td align=\"left\">+0,05<\/td>\n<td align=\"right\">1<\/td>\n<\/tr>\n<tr>\n<td align=\"left\" height=\"17\">B\u00e2ton d\u2019am\u00e9thyste<\/td>\n<td align=\"right\">30<\/td>\n<td align=\"left\">*1,02 Boost de tra\u00een\u00e9e<\/td>\n<td align=\"left\">+0,02<\/td>\n<td align=\"right\">2<\/td>\n<\/tr>\n<tr>\n<td align=\"left\" height=\"17\">Eau de l\u00e9th\u00e9<\/td>\n<td align=\"right\">30<\/td>\n<td align=\"left\">1,02 Boost d\u2019\u00e9p\u00e9e<\/td>\n<td align=\"left\">+0,02<\/td>\n<td align=\"right\">2<\/td>\n<\/tr>\n<tr>\n<td align=\"left\" height=\"17\">Ep\u00e9e celeste<\/td>\n<td align=\"right\">30<\/td>\n<td align=\"left\">*30 d\u00e9g\u00e2ts d\u2019artefacts<\/td>\n<td align=\"left\">+30<\/td>\n<td align=\"right\">2<\/td>\n<\/tr>\n<tr>\n<td align=\"left\" height=\"17\">Lame du h\u00e9ros<\/td>\n<td align=\"right\">30<\/td>\n<td align=\"left\">*1,02 Boost du casque<\/td>\n<td align=\"left\">+0,02<\/td>\n<td align=\"right\">2<\/td>\n<\/tr>\n<tr>\n<td align=\"left\" height=\"17\">R\u00e9tribution divine<\/td>\n<td align=\"right\">30<\/td>\n<td align=\"left\">*1 D\u00e9g\u00e2ts<\/td>\n<td align=\"left\">+0,3 d\u00e9g\u00e2ts<\/td>\n<td align=\"right\">2<\/td>\n<\/tr>\n<tr>\n<td align=\"left\" height=\"17\">Livre des proph\u00e9ties<\/td>\n<td align=\"right\">30<\/td>\n<td align=\"left\">*1 Or<\/td>\n<td align=\"left\">+0,1<\/td>\n<td align=\"right\">3<\/td>\n<\/tr>\n<tr>\n<td align=\"left\" height=\"17\">Oeuf de chance<\/td>\n<td align=\"right\">30<\/td>\n<td align=\"left\">+1% Mr Coffre<\/td>\n<td align=\"left\"><\/td>\n<td align=\"right\">4<\/td>\n<\/tr>\n<\/tbody>\n<\/table>\n<\/li>\n<li>Tier (1 est tr\u00e8s int\u00e9ressant, 5 est proche de l&rsquo;inutile)<br \/>\n<table border=\"0\" cellspacing=\"0\">\n<colgroup width=\"159\"><\/colgroup>\n<colgroup width=\"85\"><\/colgroup>\n<colgroup width=\"226\"><\/colgroup>\n<colgroup width=\"181\"><\/colgroup>\n<colgroup width=\"85\"><\/colgroup>\n<tbody>\n<tr>\n<td align=\"left\" height=\"17\">Nom<\/td>\n<td align=\"left\">+ % d\u00e9g\u00e2ts<\/td>\n<td align=\"left\">Effet<\/td>\n<td align=\"left\">Gain \u00e0 l\u2019augmentation<\/td>\n<td align=\"left\">Tier<\/td>\n<\/tr>\n<tr>\n<td align=\"left\" height=\"17\">\u00c9p\u00e9e des temp\u00eates<\/td>\n<td align=\"right\">50<\/td>\n<td align=\"left\">*1,15 Deg\u00e2ts des h\u00e9ros \u00e0 distance<\/td>\n<td align=\"left\">+0;15<\/td>\n<td align=\"right\">1<\/td>\n<\/tr>\n<tr>\n<td align=\"left\" height=\"17\">Fruit de l\u2019Eden<\/td>\n<td align=\"right\">60<\/td>\n<td align=\"left\">*1,15 D\u00e9g\u00e2ts des h\u00e9ros cac<\/td>\n<td align=\"left\">+0,15<\/td>\n<td align=\"right\">1<\/td>\n<\/tr>\n<tr>\n<td align=\"left\" height=\"17\">Hache de la muerte<\/td>\n<td align=\"right\">300<\/td>\n<td align=\"left\">+0,5% critique<\/td>\n<td align=\"left\">+0,5%<\/td>\n<td align=\"right\">1<\/td>\n<\/tr>\n<tr>\n<td align=\"left\" height=\"17\">Lame de damocl\u00e8s<\/td>\n<td align=\"right\">50<\/td>\n<td align=\"left\">1,05 d\u00e9g\u00e2ts de tous les h\u00e9ros<\/td>\n<td align=\"left\">+0,05<\/td>\n<td align=\"right\">1<\/td>\n<\/tr>\n<tr>\n<td align=\"left\" height=\"17\">Livre des ombres<\/td>\n<td align=\"right\">30<\/td>\n<td align=\"left\">*1,05 reliques de prestige<\/td>\n<td align=\"left\">+0,05<\/td>\n<td align=\"right\">1<\/td>\n<\/tr>\n<tr>\n<td align=\"left\" height=\"17\">B\u00e2ton d\u2019am\u00e9thyste<\/td>\n<td align=\"right\">30<\/td>\n<td align=\"left\">*1,02 Boost de tra\u00een\u00e9e<\/td>\n<td align=\"left\">+0,02<\/td>\n<td align=\"right\">2<\/td>\n<\/tr>\n<tr>\n<td align=\"left\" height=\"17\">Eau de l\u00e9th\u00e9<\/td>\n<td align=\"right\">30<\/td>\n<td align=\"left\">1,02 Boost d\u2019\u00e9p\u00e9e<\/td>\n<td align=\"left\">+0,02<\/td>\n<td align=\"right\">2<\/td>\n<\/tr>\n<tr>\n<td align=\"left\" height=\"17\">Egide<\/td>\n<td align=\"right\">150<\/td>\n<td align=\"left\">+2 secondes Cri de guerre<\/td>\n<td align=\"left\">+2<\/td>\n<td align=\"right\">2<\/td>\n<\/tr>\n<tr>\n<td align=\"left\" height=\"17\">Ep\u00e9e celeste<\/td>\n<td align=\"right\">30<\/td>\n<td align=\"left\">*30 d\u00e9g\u00e2ts d\u2019artefacts<\/td>\n<td align=\"left\">+30<\/td>\n<td align=\"right\">2<\/td>\n<\/tr>\n<tr>\n<td align=\"left\" height=\"17\">Hache glaciale<\/td>\n<td align=\"right\">150<\/td>\n<td align=\"left\">+2 secondes Ep\u00e9e de Feu<\/td>\n<td align=\"left\">+2 secondes<\/td>\n<td align=\"right\">2<\/td>\n<\/tr>\n<tr>\n<td align=\"left\" height=\"17\">Lame du h\u00e9ros<\/td>\n<td align=\"right\">30<\/td>\n<td align=\"left\">*1,02 Boost du casque<\/td>\n<td align=\"left\">+0,02<\/td>\n<td align=\"right\">2<\/td>\n<\/tr>\n<tr>\n<td align=\"left\" height=\"17\">R\u00e9tribution divine<\/td>\n<td align=\"right\">30<\/td>\n<td align=\"left\">*1 D\u00e9g\u00e2ts<\/td>\n<td align=\"left\">+0,3 d\u00e9g\u00e2ts<\/td>\n<td align=\"right\">2<\/td>\n<\/tr>\n<tr>\n<td align=\"left\" height=\"17\">Anneau de f\u00e9odalit\u00e9<\/td>\n<td align=\"right\">150<\/td>\n<td align=\"left\">+2 secondes Main de Midas<\/td>\n<td align=\"left\">+2 secondes<\/td>\n<td align=\"right\">3<\/td>\n<\/tr>\n<tr>\n<td align=\"left\" height=\"17\">B\u00e2ton resplendissant<\/td>\n<td align=\"right\">80<\/td>\n<td align=\"left\">-2% co\u00fbt d&rsquo;am\u00e9lioration des h\u00e9ros<\/td>\n<td align=\"left\">-2%<\/td>\n<td align=\"right\">3<\/td>\n<\/tr>\n<tr>\n<td align=\"left\" height=\"17\">Bouclier de l\u2019envahisseur<\/td>\n<td align=\"right\">160<\/td>\n<td align=\"left\">+0,5% chances de f\u00e9e double<\/td>\n<td align=\"left\">+0,5%<\/td>\n<td align=\"right\">3<\/td>\n<\/tr>\n<tr>\n<td align=\"left\" height=\"17\">Gantelet des marais<\/td>\n<td align=\"right\">150<\/td>\n<td align=\"left\">+2 secondes clone des ombres<\/td>\n<td align=\"left\">+0,2<\/td>\n<td align=\"right\">3<\/td>\n<\/tr>\n<tr>\n<td align=\"left\" height=\"17\">Livre des proph\u00e9ties<\/td>\n<td align=\"right\">30<\/td>\n<td align=\"left\">*1 Or<\/td>\n<td align=\"left\">+0,1<\/td>\n<td align=\"right\">3<\/td>\n<\/tr>\n<tr>\n<td align=\"left\" height=\"17\">Parchemin interdit<\/td>\n<td align=\"right\">150<\/td>\n<td align=\"left\">+2 secondes frappe critique<\/td>\n<td align=\"left\">+2<\/td>\n<td align=\"right\">3<\/td>\n<\/tr>\n<tr>\n<td align=\"left\" height=\"17\">B\u00e2ton de ch\u00eane<\/td>\n<td align=\"right\">80<\/td>\n<td align=\"left\">-1 Ep\u00e9e de feu (co\u00fbt en mana)<\/td>\n<td align=\"left\">-1<\/td>\n<td align=\"right\">4<\/td>\n<\/tr>\n<tr>\n<td align=\"left\" height=\"17\">Cape des arcanes<\/td>\n<td align=\"right\">80<\/td>\n<td align=\"left\">-2 Cri de guerre (Co\u00fbt en Mana)<\/td>\n<td align=\"left\">-2<\/td>\n<td align=\"right\">4<\/td>\n<\/tr>\n<tr>\n<td align=\"left\" height=\"17\">Coffre de satisfaction<\/td>\n<td align=\"right\">40<\/td>\n<td align=\"left\">*1,1 Or de Mr Coffre<\/td>\n<td align=\"left\">+0,1<\/td>\n<td align=\"right\">4<\/td>\n<\/tr>\n<tr>\n<td align=\"left\" height=\"17\">Elixir d\u2019Eden<\/td>\n<td align=\"right\">40<\/td>\n<td align=\"left\">*1,2 clone de l\u2019ombre (Effet)<\/td>\n<td align=\"left\">+0,2<\/td>\n<td align=\"right\">4<\/td>\n<\/tr>\n<tr>\n<td align=\"left\" height=\"17\">Masque du Titan<\/td>\n<td align=\"right\">40<\/td>\n<td align=\"left\">*1,2 D\u00e9g\u00e2ts d\u00e9cupl\u00e9s<\/td>\n<td align=\"left\">+0;2<\/td>\n<td align=\"right\">4<\/td>\n<\/tr>\n<tr>\n<td align=\"left\" height=\"17\">Oeuf de chance<\/td>\n<td align=\"right\">30<\/td>\n<td align=\"left\">+1% Mr Coffre<\/td>\n<td align=\"left\"><\/td>\n<td align=\"right\">4<\/td>\n<\/tr>\n<tr>\n<td align=\"left\" height=\"17\">Calice divin<\/td>\n<td align=\"right\">80<\/td>\n<td align=\"left\">+1% chance de r\u00e9colter *10 po<\/td>\n<td align=\"left\">+1%<\/td>\n<td align=\"right\">5<\/td>\n<\/tr>\n<tr>\n<td align=\"left\" height=\"17\">Pierre des valrunes<\/td>\n<td align=\"right\">50<\/td>\n<td align=\"left\">*1,15 Or des titans<\/td>\n<td align=\"left\">+0,15<\/td>\n<td align=\"right\">5<\/td>\n<\/tr>\n<\/tbody>\n<\/table>\n<\/li>\n<\/ol>\n","protected":false},"excerpt":{"rendered":"<p>Liste des artefacts connus. Je propose deux tris : D\u00e9g\u00e2ts d\u00e9croissants Nom + % d\u00e9g\u00e2ts Effet Gain \u00e0 l\u2019augmentation Tier Hache de la muerte 300 +0,5% critique +0,5% 1 Bouclier de l\u2019envahisseur 160 +0,5% chances de f\u00e9e double +0,5% 3 Egide 150 +2 secondes Cri de guerre +2 2 Hache glaciale 150 +2 secondes Ep\u00e9e [&hellip;]<\/p>\n","protected":false},"author":2,"featured_media":0,"parent":3087,"menu_order":0,"comment_status":"closed","ping_status":"closed","template":"","meta":{"footnotes":""},"class_list":["post-3119","page","type-page","status-publish","hentry"],"_links":{"self":[{"href":"http:\/\/adwyldan.fr\/index.php?rest_route=\/wp\/v2\/pages\/3119","targetHints":{"allow":["GET"]}}],"collection":[{"href":"http:\/\/adwyldan.fr\/index.php?rest_route=\/wp\/v2\/pages"}],"about":[{"href":"http:\/\/adwyldan.fr\/index.php?rest_route=\/wp\/v2\/types\/page"}],"author":[{"embeddable":true,"href":"http:\/\/adwyldan.fr\/index.php?rest_route=\/wp\/v2\/users\/2"}],"replies":[{"embeddable":true,"href":"http:\/\/adwyldan.fr\/index.php?rest_route=%2Fwp%2Fv2%2Fcomments&post=3119"}],"version-history":[{"count":2,"href":"http:\/\/adwyldan.fr\/index.php?rest_route=\/wp\/v2\/pages\/3119\/revisions"}],"predecessor-version":[{"id":3121,"href":"http:\/\/adwyldan.fr\/index.php?rest_route=\/wp\/v2\/pages\/3119\/revisions\/3121"}],"up":[{"embeddable":true,"href":"http:\/\/adwyldan.fr\/index.php?rest_route=\/wp\/v2\/pages\/3087"}],"wp:attachment":[{"href":"http:\/\/adwyldan.fr\/index.php?rest_route=%2Fwp%2Fv2%2Fmedia&parent=3119"}],"curies":[{"name":"wp","href":"https:\/\/api.w.org\/{rel}","templated":true}]}}